{"id":224599,"date":"2017-09-18T14:31:52","date_gmt":"2017-09-18T17:31:52","guid":{"rendered":"http:\/\/impaktconsult.com\/contato\/"},"modified":"2024-05-10T20:15:32","modified_gmt":"2024-05-10T23:15:32","slug":"contact","status":"publish","type":"page","link":"https:\/\/impaktconsult.com\/en\/contact\/","title":{"rendered":"Contact"},"content":{"rendered":"<p>[et_pb_section fb_built=&#8221;1&#8243; next_background_color=&#8221;#ffffff&#8221; _builder_version=&#8221;4.21.0&#8243; _module_preset=&#8221;default&#8221; background_enable_color=&#8221;off&#8221; use_background_color_gradient=&#8221;on&#8221; background_color_gradient_stops=&#8221;rgba(84,8,113,0.91) 0%|rgba(112,10,151,0.97) 100%&#8221; background_color_gradient_overlays_image=&#8221;on&#8221; background_image=&#8221;https:\/\/impaktconsult.com\/wp-content\/uploads\/2023\/05\/business-photo-3.jpg&#8221; custom_padding=&#8221;150px||||false|false&#8221; bottom_divider_style=&#8221;asymmetric&#8221; bottom_divider_height=&#8221;27px&#8221; global_colors_info=&#8221;{}&#8221;][et_pb_row _builder_version=&#8221;4.19.5&#8243; _module_preset=&#8221;default&#8221; global_colors_info=&#8221;{}&#8221;][et_pb_column type=&#8221;4_4&#8243; _builder_version=&#8221;4.19.5&#8243; _module_preset=&#8221;default&#8221; global_colors_info=&#8221;{}&#8221;][et_pb_text _builder_version=&#8221;4.20.2&#8243; _module_preset=&#8221;fb220cbf-5545-41ee-9990-6ade899dbaea&#8221; header_font=&#8221;|600|||||||&#8221; header_text_color=&#8221;#ffffff&#8221; header_letter_spacing=&#8221;0em&#8221; header_font_size_phone=&#8221;55px&#8221; global_colors_info=&#8221;{}&#8221;]<\/p>\n<h1>Contact<\/h1>\n<p>[\/et_pb_text][dsm_breadcrumbs show_home_icon=&#8221;off&#8221; current_bg_color=&#8221;RGBA(255,255,255,0)&#8221; _builder_version=&#8221;4.21.0&#8243; _module_preset=&#8221;default&#8221; items_font=&#8221;|600|||||||&#8221; items_text_color=&#8221;#ffffff&#8221; separators_text_color=&#8221;#c666dd&#8221; current_text_color=&#8221;#ffffff&#8221; global_colors_info=&#8221;{}&#8221;][\/dsm_breadcrumbs][\/et_pb_column][\/et_pb_row][\/et_pb_section][et_pb_section fb_built=&#8221;1&#8243; _builder_version=&#8221;4.19.5&#8243; custom_padding=&#8221;50px||50px|&#8221; global_colors_info=&#8221;{}&#8221;][et_pb_row column_structure=&#8221;1_2,1_2&#8243; use_custom_gutter=&#8221;on&#8221; gutter_width=&#8221;3&#8243; module_class=&#8221;contact-form-row&#8221; _builder_version=&#8221;4.19.5&#8243; global_colors_info=&#8221;{}&#8221;][et_pb_column type=&#8221;1_2&#8243; _builder_version=&#8221;4.19.5&#8243; background_position=&#8221;top_left&#8221; custom_padding=&#8221;|||40px|false|false&#8221; border_width_left=&#8221;6px&#8221; border_color_left=&#8221;#700A97&#8243; global_colors_info=&#8221;{}&#8221; custom_padding__hover=&#8221;|||&#8221;][et_pb_text module_class=&#8221;contact-text&#8221; _builder_version=&#8221;4.19.5&#8243; text_font_size=&#8221;16px&#8221; header_font=&#8221;|700|||||||&#8221; header_text_color=&#8221;#700A97&#8243; header_font_size=&#8221;36px&#8221; custom_margin=&#8221;||50px|||&#8221; global_colors_info=&#8221;{}&#8221;]<\/p>\n<h1>Let&#8217;s talk<\/h1>\n<p>&nbsp;<\/p>\n<p>[\/et_pb_text][et_pb_blurb title=&#8221;+55 11 2050-4161&#8243; use_icon=&#8221;on&#8221; font_icon=&#8221;&#xe090;||divi||400&#8243; icon_placement=&#8221;left&#8221; image_icon_width=&#8221;20px&#8221; admin_label=&#8221;Blurb &#8211; Office&#8221; module_class=&#8221;contact-blurb&#8221; _builder_version=&#8221;4.23.1&#8243; header_text_color=&#8221;#700A97&#8243; max_width_tablet=&#8221;50px&#8221; global_colors_info=&#8221;{}&#8221;][\/et_pb_blurb][et_pb_blurb title=&#8221;ola@impaktconsult.com &#8221; use_icon=&#8221;on&#8221; font_icon=&#8221;&#xf0e0;||fa||900&#8243; icon_placement=&#8221;left&#8221; image_icon_width=&#8221;20px&#8221; admin_label=&#8221;Blurb &#8211; Address&#8221; module_class=&#8221;contact-blurb&#8221; _builder_version=&#8221;4.19.5&#8243; header_text_color=&#8221;#700A97&#8243; max_width_tablet=&#8221;50px&#8221; global_colors_info=&#8221;{}&#8221;][\/et_pb_blurb][et_pb_blurb use_icon=&#8221;on&#8221; font_icon=&#8221;&#xe081;||divi||400&#8243; icon_placement=&#8221;left&#8221; image_icon_width=&#8221;20px&#8221; admin_label=&#8221;Blurb &#8211; Address&#8221; module_class=&#8221;contact-blurb&#8221; _builder_version=&#8221;4.19.5&#8243; header_text_color=&#8221;#700A97&#8243; body_font=&#8221;Rubik||||||||&#8221; body_text_color=&#8221;#700A97&#8243; body_font_size=&#8221;18px&#8221; max_width_tablet=&#8221;50px&#8221; global_colors_info=&#8221;{}&#8221;]<\/p>\n<p>Av. Brigadeiro Faria Lima,<br \/>1.461 \u2013 Torre Sul<br \/>4\u00ba andar \u2013 Cj. 41<br \/>Pinheiros \u2013 CEP 01452-002<br \/>S\u00e3o Paulo &#8211; SP &#8211; Brasil<\/p>\n<p>[\/et_pb_blurb][\/et_pb_column][et_pb_column type=&#8221;1_2&#8243; _builder_version=&#8221;4.19.5&#8243; background_position=&#8221;top_left&#8221; custom_padding=&#8221;|||&#8221; border_radii=&#8221;on|8px|8px|8px|8px&#8221; border_width_all=&#8221;13px&#8221; border_color_all=&#8221;rgba(84,8,113,0.08)&#8221; global_colors_info=&#8221;{}&#8221; custom_padding__hover=&#8221;|||&#8221;][wpforms_selector form_id=&#8221;222869&#8243; _builder_version=&#8221;4.19.5&#8243; _module_preset=&#8221;default&#8221; custom_padding=&#8221;20px|35px|20px|35px|true|true&#8221; global_colors_info=&#8221;{}&#8221;][\/wpforms_selector][\/et_pb_column][\/et_pb_row][\/et_pb_section]<\/p>\n","protected":false},"excerpt":{"rendered":"<p>Contact us!<\/p>\n","protected":false},"author":1,"featured_media":0,"parent":0,"menu_order":0,"comment_status":"closed","ping_status":"closed","template":"","meta":{"_et_pb_use_builder":"on","_et_pb_old_content":"","_et_gb_content_width":"","_monsterinsights_skip_tracking":false,"_monsterinsights_sitenote_active":false,"_monsterinsights_sitenote_note":"","_monsterinsights_sitenote_category":0,"footnotes":""},"ppma_author":[69],"class_list":["post-224599","page","type-page","status-publish","hentry"],"yoast_head":"<!-- This site is optimized with the Yoast SEO Premium plugin v22.4 (Yoast SEO v27.0) - https:\/\/yoast.com\/product\/yoast-seo-premium-wordpress\/ -->\n<title>Impakt - Contact<\/title>\n<meta name=\"description\" content=\"Contact us!\" \/>\n<meta name=\"robots\" content=\"index, follow, max-snippet:-1, max-image-preview:large, max-video-preview:-1\" \/>\n<link rel=\"canonical\" href=\"https:\/\/impaktconsult.com\/en\/contact\/\" \/>\n<meta property=\"og:locale\" content=\"en_US\" \/>\n<meta property=\"og:type\" content=\"article\" \/>\n<meta property=\"og:title\" content=\"Contact - Impakt\" \/>\n<meta property=\"og:description\" content=\"Contact us!\" \/>\n<meta property=\"og:url\" content=\"https:\/\/impaktconsult.com\/en\/contact\/\" \/>\n<meta property=\"og:site_name\" content=\"Impakt\" \/>\n<meta property=\"article:publisher\" content=\"http:\/\/www.facebook.com\/impaktconsult\" \/>\n<meta property=\"article:modified_time\" content=\"2024-05-10T23:15:32+00:00\" \/>\n<meta property=\"og:image\" content=\"https:\/\/impaktconsult.com\/wp-content\/uploads\/2024\/02\/banner-default-Impakt.png\" \/>\n\t<meta property=\"og:image:width\" content=\"1200\" \/>\n\t<meta property=\"og:image:height\" content=\"632\" \/>\n\t<meta property=\"og:image:type\" content=\"image\/png\" \/>\n<meta name=\"twitter:card\" content=\"summary_large_image\" \/>\n<meta name=\"twitter:title\" content=\"Contact\" \/>\n<meta name=\"twitter:site\" content=\"@ImpaktConsult\" \/>\n<meta name=\"twitter:label1\" content=\"Est. reading time\" \/>\n\t<meta name=\"twitter:data1\" content=\"1 minute\" \/>\n<script type=\"application\/ld+json\" class=\"yoast-schema-graph\">{\"@context\":\"https:\/\/schema.org\",\"@graph\":[{\"@type\":\"WebPage\",\"@id\":\"https:\/\/impaktconsult.com\/en\/contact\/\",\"url\":\"https:\/\/impaktconsult.com\/en\/contact\/\",\"name\":\"Impakt - Contact\",\"isPartOf\":{\"@id\":\"https:\/\/impaktconsult.com\/#website\"},\"datePublished\":\"2017-09-18T17:31:52+00:00\",\"dateModified\":\"2024-05-10T23:15:32+00:00\",\"description\":\"Contact us!\",\"breadcrumb\":{\"@id\":\"https:\/\/impaktconsult.com\/en\/contact\/#breadcrumb\"},\"inLanguage\":\"en-US\",\"potentialAction\":[{\"@type\":\"ReadAction\",\"target\":[\"https:\/\/impaktconsult.com\/en\/contact\/\"]}]},{\"@type\":\"BreadcrumbList\",\"@id\":\"https:\/\/impaktconsult.com\/en\/contact\/#breadcrumb\",\"itemListElement\":[{\"@type\":\"ListItem\",\"position\":1,\"name\":\"In\u00edcio\",\"item\":\"https:\/\/impaktconsult.com\/en\/\"},{\"@type\":\"ListItem\",\"position\":2,\"name\":\"Contact\"}]},{\"@type\":\"WebSite\",\"@id\":\"https:\/\/impaktconsult.com\/#website\",\"url\":\"https:\/\/impaktconsult.com\/\",\"name\":\"Impakt\",\"description\":\"Conhecimento Intelig\u00eancia Inova\u00e7\u00e3o\",\"publisher\":{\"@id\":\"https:\/\/impaktconsult.com\/#organization\"},\"potentialAction\":[{\"@type\":\"SearchAction\",\"target\":{\"@type\":\"EntryPoint\",\"urlTemplate\":\"https:\/\/impaktconsult.com\/?s={search_term_string}\"},\"query-input\":{\"@type\":\"PropertyValueSpecification\",\"valueRequired\":true,\"valueName\":\"search_term_string\"}}],\"inLanguage\":\"en-US\"},{\"@type\":\"Organization\",\"@id\":\"https:\/\/impaktconsult.com\/#organization\",\"name\":\"Impakt Consultoria\",\"url\":\"https:\/\/impaktconsult.com\/\",\"logo\":{\"@type\":\"ImageObject\",\"inLanguage\":\"en-US\",\"@id\":\"https:\/\/impaktconsult.com\/#\/schema\/logo\/image\/\",\"url\":\"https:\/\/impaktconsult.com\/wp-content\/uploads\/2023\/01\/impakt-logo.png\",\"contentUrl\":\"https:\/\/impaktconsult.com\/wp-content\/uploads\/2023\/01\/impakt-logo.png\",\"width\":654,\"height\":204,\"caption\":\"Impakt Consultoria\"},\"image\":{\"@id\":\"https:\/\/impaktconsult.com\/#\/schema\/logo\/image\/\"},\"sameAs\":[\"http:\/\/www.facebook.com\/impaktconsult\",\"https:\/\/x.com\/ImpaktConsult\",\"http:\/\/www.linkedin.com\/company\/impakt-consulting\",\"http:\/\/instagram.com\/impaktconsult\"]}]}<\/script>\n<!-- \/ Yoast SEO Premium plugin. -->","yoast_head_json":{"title":"Impakt - Contact","description":"Contact us!","robots":{"index":"index","follow":"follow","max-snippet":"max-snippet:-1","max-image-preview":"max-image-preview:large","max-video-preview":"max-video-preview:-1"},"canonical":"https:\/\/impaktconsult.com\/en\/contact\/","og_locale":"en_US","og_type":"article","og_title":"Contact - Impakt","og_description":"Contact us!","og_url":"https:\/\/impaktconsult.com\/en\/contact\/","og_site_name":"Impakt","article_publisher":"http:\/\/www.facebook.com\/impaktconsult","article_modified_time":"2024-05-10T23:15:32+00:00","og_image":[{"width":1200,"height":632,"url":"https:\/\/impaktconsult.com\/wp-content\/uploads\/2024\/02\/banner-default-Impakt.png","type":"image\/png"}],"twitter_card":"summary_large_image","twitter_title":"Contact","twitter_site":"@ImpaktConsult","twitter_misc":{"Est. reading time":"1 minute"},"schema":{"@context":"https:\/\/schema.org","@graph":[{"@type":"WebPage","@id":"https:\/\/impaktconsult.com\/en\/contact\/","url":"https:\/\/impaktconsult.com\/en\/contact\/","name":"Impakt - Contact","isPartOf":{"@id":"https:\/\/impaktconsult.com\/#website"},"datePublished":"2017-09-18T17:31:52+00:00","dateModified":"2024-05-10T23:15:32+00:00","description":"Contact us!","breadcrumb":{"@id":"https:\/\/impaktconsult.com\/en\/contact\/#breadcrumb"},"inLanguage":"en-US","potentialAction":[{"@type":"ReadAction","target":["https:\/\/impaktconsult.com\/en\/contact\/"]}]},{"@type":"BreadcrumbList","@id":"https:\/\/impaktconsult.com\/en\/contact\/#breadcrumb","itemListElement":[{"@type":"ListItem","position":1,"name":"In\u00edcio","item":"https:\/\/impaktconsult.com\/en\/"},{"@type":"ListItem","position":2,"name":"Contact"}]},{"@type":"WebSite","@id":"https:\/\/impaktconsult.com\/#website","url":"https:\/\/impaktconsult.com\/","name":"Impakt","description":"Conhecimento Intelig\u00eancia Inova\u00e7\u00e3o","publisher":{"@id":"https:\/\/impaktconsult.com\/#organization"},"potentialAction":[{"@type":"SearchAction","target":{"@type":"EntryPoint","urlTemplate":"https:\/\/impaktconsult.com\/?s={search_term_string}"},"query-input":{"@type":"PropertyValueSpecification","valueRequired":true,"valueName":"search_term_string"}}],"inLanguage":"en-US"},{"@type":"Organization","@id":"https:\/\/impaktconsult.com\/#organization","name":"Impakt Consultoria","url":"https:\/\/impaktconsult.com\/","logo":{"@type":"ImageObject","inLanguage":"en-US","@id":"https:\/\/impaktconsult.com\/#\/schema\/logo\/image\/","url":"https:\/\/impaktconsult.com\/wp-content\/uploads\/2023\/01\/impakt-logo.png","contentUrl":"https:\/\/impaktconsult.com\/wp-content\/uploads\/2023\/01\/impakt-logo.png","width":654,"height":204,"caption":"Impakt Consultoria"},"image":{"@id":"https:\/\/impaktconsult.com\/#\/schema\/logo\/image\/"},"sameAs":["http:\/\/www.facebook.com\/impaktconsult","https:\/\/x.com\/ImpaktConsult","http:\/\/www.linkedin.com\/company\/impakt-consulting","http:\/\/instagram.com\/impaktconsult"]}]}},"_links":{"self":[{"href":"https:\/\/impaktconsult.com\/en\/wp-json\/wp\/v2\/pages\/224599","targetHints":{"allow":["GET"]}}],"collection":[{"href":"https:\/\/impaktconsult.com\/en\/wp-json\/wp\/v2\/pages"}],"about":[{"href":"https:\/\/impaktconsult.com\/en\/wp-json\/wp\/v2\/types\/page"}],"author":[{"embeddable":true,"href":"https:\/\/impaktconsult.com\/en\/wp-json\/wp\/v2\/users\/1"}],"replies":[{"embeddable":true,"href":"https:\/\/impaktconsult.com\/en\/wp-json\/wp\/v2\/comments?post=224599"}],"version-history":[{"count":3,"href":"https:\/\/impaktconsult.com\/en\/wp-json\/wp\/v2\/pages\/224599\/revisions"}],"predecessor-version":[{"id":225948,"href":"https:\/\/impaktconsult.com\/en\/wp-json\/wp\/v2\/pages\/224599\/revisions\/225948"}],"wp:attachment":[{"href":"https:\/\/impaktconsult.com\/en\/wp-json\/wp\/v2\/media?parent=224599"}],"wp:term":[{"taxonomy":"author","embeddable":true,"href":"https:\/\/impaktconsult.com\/en\/wp-json\/wp\/v2\/ppma_author?post=224599"}],"curies":[{"name":"wp","href":"https:\/\/api.w.org\/{rel}","templated":true}]}}