{"id":225194,"date":"2023-08-17T12:29:47","date_gmt":"2023-08-17T15:29:47","guid":{"rendered":"http:\/\/impaktconsult.com\/?page_id=225194"},"modified":"2023-08-21T14:35:12","modified_gmt":"2023-08-21T17:35:12","slug":"thankyou","status":"publish","type":"page","link":"https:\/\/impaktconsult.com\/en\/thankyou\/","title":{"rendered":"Thank you!"},"content":{"rendered":"<p>[et_pb_section fb_built=&#8221;1&#8243; custom_padding_last_edited=&#8221;on|phone&#8221; _builder_version=&#8221;4.21.0&#8243; _module_preset=&#8221;default&#8221; background_image=&#8221;http:\/\/impaktconsult.com\/wp-content\/uploads\/2023\/08\/grafismo-header.png&#8221; background_size=&#8221;custom&#8221; background_image_width=&#8221;23%&#8221; background_position=&#8221;center_right&#8221; background_horizontal_offset=&#8221;4%&#8221; custom_padding=&#8221;135px|70px|135px|70px|true|true&#8221; custom_padding_tablet=&#8221;|70px||70px|false|true&#8221; custom_padding_phone=&#8221;|30px||30px|false|true&#8221; global_colors_info=&#8221;{}&#8221;][et_pb_row column_structure=&#8221;3_5,2_5&#8243; _builder_version=&#8221;4.19.5&#8243; _module_preset=&#8221;default&#8221; width=&#8221;100%&#8221; max_width=&#8221;1300px&#8221; custom_margin=&#8221;2px|auto||auto|false|false&#8221; global_colors_info=&#8221;{}&#8221;][et_pb_column type=&#8221;3_5&#8243; _builder_version=&#8221;4.19.5&#8243; _module_preset=&#8221;default&#8221; global_colors_info=&#8221;{}&#8221;][et_pb_text _builder_version=&#8221;4.21.0&#8243; _module_preset=&#8221;default&#8221; header_font=&#8221;|700|||||||&#8221; header_font_size=&#8221;64px&#8221; global_colors_info=&#8221;{}&#8221;]<\/p>\n<h1>Thank you!<\/h1>\n<p>[\/et_pb_text][et_pb_text _builder_version=&#8221;4.22.0&#8243; _module_preset=&#8221;default&#8221; header_2_font=&#8221;Source Sans Pro||||||||&#8221; header_2_text_color=&#8221;#a000c6&#8243; header_2_font_size=&#8221;32px&#8221; header_2_line_height=&#8221;1.3em&#8221; global_colors_info=&#8221;{}&#8221;]<\/p>\n<h2>We\u2019ll get in touch soon.<\/h2>\n<p>[\/et_pb_text][et_pb_button button_url=&#8221;@ET-DC@eyJkeW5hbWljIjp0cnVlLCJjb250ZW50IjoiaG9tZV91cmwiLCJzZXR0aW5ncyI6e319@&#8221; button_text=&#8221;Back to homepage&#8221; _builder_version=&#8221;4.22.1&#8243; _dynamic_attributes=&#8221;button_url&#8221; _module_preset=&#8221;default&#8221; custom_button=&#8221;on&#8221; button_text_color=&#8221;#ffffff&#8221; button_bg_color=&#8221;#700A97&#8243; button_border_width=&#8221;2px&#8221; button_border_color=&#8221;RGBA(255,255,255,0)&#8221; button_border_radius=&#8221;10px&#8221; custom_padding=&#8221;|40px||40px|false|true&#8221; hover_enabled=&#8221;0&#8243; global_colors_info=&#8221;{}&#8221; button_border_color__hover_enabled=&#8221;on|hover&#8221; button_border_color__hover=&#8221;RGBA(255,255,255,0)&#8221; sticky_enabled=&#8221;0&#8243;][\/et_pb_button][\/et_pb_column][et_pb_column type=&#8221;2_5&#8243; _builder_version=&#8221;4.19.5&#8243; _module_preset=&#8221;default&#8221; global_colors_info=&#8221;{}&#8221;][\/et_pb_column][\/et_pb_row][\/et_pb_section]<\/p>\n","protected":false},"excerpt":{"rendered":"<p>Ajudamos organiza\u00e7\u00f5es a mobilizar conhecimentos e ideias para gera\u00e7\u00e3o de resultados, evolu\u00e7\u00e3o e impacto.<\/p>\n","protected":false},"author":1,"featured_media":0,"parent":0,"menu_order":0,"comment_status":"closed","ping_status":"closed","template":"","meta":{"_et_pb_use_builder":"on","_et_pb_old_content":"<span style=\"display: inline-block; width: 0px; overflow: hidden; line-height: 0;\" data-mce-type=\"bookmark\" class=\"mce_SELRES_start\">\ufeff<\/span>[et_pb_section fb_built=\"1\" custom_padding_last_edited=\"on|phone\" _builder_version=\"4.21.0\" _module_preset=\"default\" background_image=\"http:\/\/impaktconsult.com\/wp-content\/uploads\/2023\/08\/grafismo-header.png\" background_size=\"custom\" background_image_width=\"23%\" background_position=\"center_right\" background_horizontal_offset=\"4%\" custom_padding=\"135px|70px|135px|70px|true|true\" custom_padding_tablet=\"|70px||70px|false|true\" custom_padding_phone=\"|30px||30px|false|true\" global_colors_info=\"{}\"][et_pb_row column_structure=\"3_5,2_5\" _builder_version=\"4.19.5\" _module_preset=\"default\" width=\"100%\" max_width=\"1300px\" custom_margin=\"2px|auto||auto|false|false\" global_colors_info=\"{}\"][et_pb_column type=\"3_5\" _builder_version=\"4.19.5\" _module_preset=\"default\" global_colors_info=\"{}\"][et_pb_text _builder_version=\"4.21.0\" _module_preset=\"default\" header_font=\"|700|||||||\" header_font_size=\"64px\" global_colors_info=\"{}\"]<h1>Obrigado!<\/h1>[\/et_pb_text][et_pb_text _builder_version=\"4.22.0\" _module_preset=\"default\" header_2_font=\"Source Sans Pro||||||||\" header_2_text_color=\"#a000c6\" header_2_font_size=\"32px\" header_2_line_height=\"1.3em\" global_colors_info=\"{}\"]<h2>Entraremos em contato em breve.<\/h2>[\/et_pb_text][et_pb_button button_url=\"@ET-DC@eyJkeW5hbWljIjp0cnVlLCJjb250ZW50IjoiaG9tZV91cmwiLCJzZXR0aW5ncyI6e319@\" button_text=\"Voltar \u00e0 p\u00e1gina inicial\" _builder_version=\"4.22.0\" _dynamic_attributes=\"button_url\" _module_preset=\"default\" custom_button=\"on\" button_text_color=\"#ffffff\" button_bg_color=\"#700A97\" button_border_width=\"2px\" button_border_color=\"RGBA(255,255,255,0)\" button_border_radius=\"10px\" custom_padding=\"|40px||40px|false|true\" global_colors_info=\"{}\" button_border_color__hover_enabled=\"on|hover\" button_border_color__hover=\"RGBA(255,255,255,0)\"][\/et_pb_button][\/et_pb_column][et_pb_column type=\"2_5\" _builder_version=\"4.19.5\" _module_preset=\"default\" global_colors_info=\"{}\"][\/et_pb_column][\/et_pb_row][\/et_pb_section]<span style=\"display: inline-block; width: 0px; overflow: hidden; line-height: 0;\" data-mce-type=\"bookmark\" class=\"mce_SELRES_end\">\ufeff<\/span>","_et_gb_content_width":"","_monsterinsights_skip_tracking":false,"_monsterinsights_sitenote_active":false,"_monsterinsights_sitenote_note":"","_monsterinsights_sitenote_category":0,"footnotes":""},"ppma_author":[69],"class_list":["post-225194","page","type-page","status-publish","hentry"],"yoast_head":"<!-- This site is optimized with the Yoast SEO Premium plugin v22.4 (Yoast SEO v27.5) - https:\/\/yoast.com\/product\/yoast-seo-premium-wordpress\/ -->\n<title>Thank you! - Impakt<\/title>\n<meta name=\"robots\" content=\"index, follow, max-snippet:-1, max-image-preview:large, max-video-preview:-1\" \/>\n<link rel=\"canonical\" href=\"https:\/\/impaktconsult.com\/agradecimento\/\" \/>\n<meta property=\"og:locale\" content=\"en_US\" \/>\n<meta property=\"og:type\" content=\"article\" \/>\n<meta property=\"og:title\" content=\"Thank you!\" \/>\n<meta property=\"og:description\" content=\"Ajudamos organiza\u00e7\u00f5es a mobilizar conhecimentos e ideias para gera\u00e7\u00e3o de resultados, evolu\u00e7\u00e3o e impacto.\" \/>\n<meta property=\"og:url\" content=\"https:\/\/impaktconsult.com\/agradecimento\/\" \/>\n<meta property=\"og:site_name\" content=\"Impakt\" \/>\n<meta property=\"article:publisher\" content=\"http:\/\/www.facebook.com\/impaktconsult\" \/>\n<meta property=\"article:modified_time\" content=\"2023-08-21T17:35:12+00:00\" \/>\n<meta name=\"twitter:card\" content=\"summary_large_image\" \/>\n<meta name=\"twitter:site\" content=\"@ImpaktConsult\" \/>\n<meta name=\"twitter:label1\" content=\"Est. reading time\" \/>\n\t<meta name=\"twitter:data1\" content=\"1 minute\" \/>\n<script type=\"application\/ld+json\" class=\"yoast-schema-graph\">{\"@context\":\"https:\\\/\\\/schema.org\",\"@graph\":[{\"@type\":\"WebPage\",\"@id\":\"https:\\\/\\\/impaktconsult.com\\\/agradecimento\\\/\",\"url\":\"https:\\\/\\\/impaktconsult.com\\\/agradecimento\\\/\",\"name\":\"Thank you! - Impakt\",\"isPartOf\":{\"@id\":\"https:\\\/\\\/impaktconsult.com\\\/#website\"},\"datePublished\":\"2023-08-17T15:29:47+00:00\",\"dateModified\":\"2023-08-21T17:35:12+00:00\",\"breadcrumb\":{\"@id\":\"https:\\\/\\\/impaktconsult.com\\\/agradecimento\\\/#breadcrumb\"},\"inLanguage\":\"en-US\",\"potentialAction\":[{\"@type\":\"ReadAction\",\"target\":[\"https:\\\/\\\/impaktconsult.com\\\/agradecimento\\\/\"]}]},{\"@type\":\"BreadcrumbList\",\"@id\":\"https:\\\/\\\/impaktconsult.com\\\/agradecimento\\\/#breadcrumb\",\"itemListElement\":[{\"@type\":\"ListItem\",\"position\":1,\"name\":\"In\u00edcio\",\"item\":\"https:\\\/\\\/impaktconsult.com\\\/en\\\/\"},{\"@type\":\"ListItem\",\"position\":2,\"name\":\"Thank you!\"}]},{\"@type\":\"WebSite\",\"@id\":\"https:\\\/\\\/impaktconsult.com\\\/#website\",\"url\":\"https:\\\/\\\/impaktconsult.com\\\/\",\"name\":\"Impakt\",\"description\":\"Conhecimento Intelig\u00eancia Inova\u00e7\u00e3o\",\"publisher\":{\"@id\":\"https:\\\/\\\/impaktconsult.com\\\/#organization\"},\"potentialAction\":[{\"@type\":\"SearchAction\",\"target\":{\"@type\":\"EntryPoint\",\"urlTemplate\":\"https:\\\/\\\/impaktconsult.com\\\/?s={search_term_string}\"},\"query-input\":{\"@type\":\"PropertyValueSpecification\",\"valueRequired\":true,\"valueName\":\"search_term_string\"}}],\"inLanguage\":\"en-US\"},{\"@type\":\"Organization\",\"@id\":\"https:\\\/\\\/impaktconsult.com\\\/#organization\",\"name\":\"Impakt Consultoria\",\"url\":\"https:\\\/\\\/impaktconsult.com\\\/\",\"logo\":{\"@type\":\"ImageObject\",\"inLanguage\":\"en-US\",\"@id\":\"https:\\\/\\\/impaktconsult.com\\\/#\\\/schema\\\/logo\\\/image\\\/\",\"url\":\"https:\\\/\\\/impaktconsult.com\\\/wp-content\\\/uploads\\\/2023\\\/01\\\/impakt-logo.png\",\"contentUrl\":\"https:\\\/\\\/impaktconsult.com\\\/wp-content\\\/uploads\\\/2023\\\/01\\\/impakt-logo.png\",\"width\":654,\"height\":204,\"caption\":\"Impakt Consultoria\"},\"image\":{\"@id\":\"https:\\\/\\\/impaktconsult.com\\\/#\\\/schema\\\/logo\\\/image\\\/\"},\"sameAs\":[\"http:\\\/\\\/www.facebook.com\\\/impaktconsult\",\"https:\\\/\\\/x.com\\\/ImpaktConsult\",\"http:\\\/\\\/www.linkedin.com\\\/company\\\/impakt-consulting\",\"http:\\\/\\\/instagram.com\\\/impaktconsult\"]}]}<\/script>\n<!-- \/ Yoast SEO Premium plugin. -->","yoast_head_json":{"title":"Thank you! - Impakt","robots":{"index":"index","follow":"follow","max-snippet":"max-snippet:-1","max-image-preview":"max-image-preview:large","max-video-preview":"max-video-preview:-1"},"canonical":"https:\/\/impaktconsult.com\/agradecimento\/","og_locale":"en_US","og_type":"article","og_title":"Thank you!","og_description":"Ajudamos organiza\u00e7\u00f5es a mobilizar conhecimentos e ideias para gera\u00e7\u00e3o de resultados, evolu\u00e7\u00e3o e impacto.","og_url":"https:\/\/impaktconsult.com\/agradecimento\/","og_site_name":"Impakt","article_publisher":"http:\/\/www.facebook.com\/impaktconsult","article_modified_time":"2023-08-21T17:35:12+00:00","twitter_card":"summary_large_image","twitter_site":"@ImpaktConsult","twitter_misc":{"Est. reading time":"1 minute"},"schema":{"@context":"https:\/\/schema.org","@graph":[{"@type":"WebPage","@id":"https:\/\/impaktconsult.com\/agradecimento\/","url":"https:\/\/impaktconsult.com\/agradecimento\/","name":"Thank you! - Impakt","isPartOf":{"@id":"https:\/\/impaktconsult.com\/#website"},"datePublished":"2023-08-17T15:29:47+00:00","dateModified":"2023-08-21T17:35:12+00:00","breadcrumb":{"@id":"https:\/\/impaktconsult.com\/agradecimento\/#breadcrumb"},"inLanguage":"en-US","potentialAction":[{"@type":"ReadAction","target":["https:\/\/impaktconsult.com\/agradecimento\/"]}]},{"@type":"BreadcrumbList","@id":"https:\/\/impaktconsult.com\/agradecimento\/#breadcrumb","itemListElement":[{"@type":"ListItem","position":1,"name":"In\u00edcio","item":"https:\/\/impaktconsult.com\/en\/"},{"@type":"ListItem","position":2,"name":"Thank you!"}]},{"@type":"WebSite","@id":"https:\/\/impaktconsult.com\/#website","url":"https:\/\/impaktconsult.com\/","name":"Impakt","description":"Conhecimento Intelig\u00eancia Inova\u00e7\u00e3o","publisher":{"@id":"https:\/\/impaktconsult.com\/#organization"},"potentialAction":[{"@type":"SearchAction","target":{"@type":"EntryPoint","urlTemplate":"https:\/\/impaktconsult.com\/?s={search_term_string}"},"query-input":{"@type":"PropertyValueSpecification","valueRequired":true,"valueName":"search_term_string"}}],"inLanguage":"en-US"},{"@type":"Organization","@id":"https:\/\/impaktconsult.com\/#organization","name":"Impakt Consultoria","url":"https:\/\/impaktconsult.com\/","logo":{"@type":"ImageObject","inLanguage":"en-US","@id":"https:\/\/impaktconsult.com\/#\/schema\/logo\/image\/","url":"https:\/\/impaktconsult.com\/wp-content\/uploads\/2023\/01\/impakt-logo.png","contentUrl":"https:\/\/impaktconsult.com\/wp-content\/uploads\/2023\/01\/impakt-logo.png","width":654,"height":204,"caption":"Impakt Consultoria"},"image":{"@id":"https:\/\/impaktconsult.com\/#\/schema\/logo\/image\/"},"sameAs":["http:\/\/www.facebook.com\/impaktconsult","https:\/\/x.com\/ImpaktConsult","http:\/\/www.linkedin.com\/company\/impakt-consulting","http:\/\/instagram.com\/impaktconsult"]}]}},"_links":{"self":[{"href":"https:\/\/impaktconsult.com\/en\/wp-json\/wp\/v2\/pages\/225194","targetHints":{"allow":["GET"]}}],"collection":[{"href":"https:\/\/impaktconsult.com\/en\/wp-json\/wp\/v2\/pages"}],"about":[{"href":"https:\/\/impaktconsult.com\/en\/wp-json\/wp\/v2\/types\/page"}],"author":[{"embeddable":true,"href":"https:\/\/impaktconsult.com\/en\/wp-json\/wp\/v2\/users\/1"}],"replies":[{"embeddable":true,"href":"https:\/\/impaktconsult.com\/en\/wp-json\/wp\/v2\/comments?post=225194"}],"version-history":[{"count":3,"href":"https:\/\/impaktconsult.com\/en\/wp-json\/wp\/v2\/pages\/225194\/revisions"}],"predecessor-version":[{"id":225198,"href":"https:\/\/impaktconsult.com\/en\/wp-json\/wp\/v2\/pages\/225194\/revisions\/225198"}],"wp:attachment":[{"href":"https:\/\/impaktconsult.com\/en\/wp-json\/wp\/v2\/media?parent=225194"}],"wp:term":[{"taxonomy":"author","embeddable":true,"href":"https:\/\/impaktconsult.com\/en\/wp-json\/wp\/v2\/ppma_author?post=225194"}],"curies":[{"name":"wp","href":"https:\/\/api.w.org\/{rel}","templated":true}]}}