{"id":224666,"date":"2017-09-18T14:31:40","date_gmt":"2017-09-18T17:31:40","guid":{"rendered":"http:\/\/impaktconsult.com\/blog\/"},"modified":"2023-05-12T16:01:14","modified_gmt":"2023-05-12T19:01:14","slug":"blog","status":"publish","type":"page","link":"https:\/\/impaktconsult.com\/es\/blog\/","title":{"rendered":"Blog"},"content":{"rendered":"<p>[et_pb_section fb_built=\u00bb1&#8243; _builder_version=\u00bb4.21.0&#8243; _module_preset=\u00bbdefault\u00bb background_enable_color=\u00bboff\u00bb use_background_color_gradient=\u00bbon\u00bb background_color_gradient_stops=\u00bbrgba(84,8,113,0.91) 0%|rgba(112,10,151,0.97) 100%\u00bb background_color_gradient_overlays_image=\u00bbon\u00bb background_image=\u00bbhttp:\/\/impaktconsult.com\/wp-content\/uploads\/2023\/05\/business-photo-3.jpg\u00bb custom_padding=\u00bb150px||||false|false\u00bb global_colors_info=\u00bb{}\u00bb][et_pb_row _builder_version=\u00bb4.19.5&#8243; _module_preset=\u00bbdefault\u00bb global_colors_info=\u00bb{}\u00bb][et_pb_column type=\u00bb4_4&#8243; _builder_version=\u00bb4.19.5&#8243; _module_preset=\u00bbdefault\u00bb global_colors_info=\u00bb{}\u00bb][et_pb_text _builder_version=\u00bb4.20.2&#8243; _module_preset=\u00bbfb220cbf-5545-41ee-9990-6ade899dbaea\u00bb header_font=\u00bb|600|||||||\u00bb header_text_color=\u00bb#ffffff\u00bb header_letter_spacing=\u00bb0em\u00bb header_font_size_phone=\u00bb55px\u00bb global_colors_info=\u00bb{}\u00bb]<\/p>\n<h1>Blog<\/h1>\n<p>[\/et_pb_text][\/et_pb_column][\/et_pb_row][\/et_pb_section][et_pb_section fb_built=\u00bb1&#8243; admin_label=\u00bbHeader\u00bb _builder_version=\u00bb4.20.2&#8243; _module_preset=\u00bbdefault\u00bb background_image=\u00bbhttp:\/\/impaktconsult.com\/wp-content\/uploads\/2023\/01\/bg2.jpg\u00bb background_size=\u00bbcontain\u00bb background_position=\u00bbbottom_right\u00bb custom_padding=\u00bb1px||0px||false|false\u00bb collapsed=\u00bbon\u00bb global_colors_info=\u00bb{}\u00bb][et_pb_row _builder_version=\u00bb4.20.2&#8243; _module_preset=\u00bbdefault\u00bb global_colors_info=\u00bb{}\u00bb][et_pb_column type=\u00bb4_4&#8243; _builder_version=\u00bb4.18.1&#8243; _module_preset=\u00bbdefault\u00bb global_colors_info=\u00bb{}\u00bb][et_pb_post_slider posts_number=\u00bb3&#8243; show_meta=\u00bboff\u00bb bg_overlay_color=\u00bbrgba(84,8,113,0.63)\u00bb module_class=\u00bbet-custom-read-more-text\u00bb _builder_version=\u00bb4.20.4&#8243; _module_preset=\u00bb226aa05e-5609-4a68-97f7-0d9c8b59d899&#8243; header_font=\u00bb|700|||||||\u00bb body_font=\u00bb|500|||||||\u00bb body_font_size=\u00bb17px\u00bb meta_font=\u00bb|500|||||||\u00bb meta_font_size=\u00bb17px\u00bb button_border_radius=\u00bb10px\u00bb locked=\u00bboff\u00bb global_colors_info=\u00bb{}\u00bb][\/et_pb_post_slider][\/et_pb_column][\/et_pb_row][et_pb_row _builder_version=\u00bb4.20.2&#8243; _module_preset=\u00bbdefault\u00bb custom_padding=\u00bb||100px|||\u00bb global_colors_info=\u00bb{}\u00bb][et_pb_column type=\u00bb4_4&#8243; _builder_version=\u00bb4.19.5&#8243; _module_preset=\u00bbdefault\u00bb global_colors_info=\u00bb{}\u00bb][et_pb_blog fullwidth=\u00bboff\u00bb posts_number=\u00bb6&#8243; use_manual_excerpt=\u00bboff\u00bb excerpt_length=\u00bb120&#8243; show_date=\u00bboff\u00bb _builder_version=\u00bb4.20.4&#8243; _module_preset=\u00bbdefault\u00bb header_level=\u00bbh3&#8243; header_font=\u00bb|700|||||||\u00bb header_font_size=\u00bb22px\u00bb header_line_height=\u00bb1.4em\u00bb body_font=\u00bb||||||||\u00bb body_text_color=\u00bb#1a1a1a\u00bb body_font_size=\u00bb16px\u00bb body_line_height=\u00bb1.8em\u00bb meta_font=\u00bb|600|||||||\u00bb meta_text_color=\u00bb#700A97&#8243; meta_font_size=\u00bb14px\u00bb meta_line_height=\u00bb1.8em\u00bb pagination_font=\u00bb|700|||||||\u00bb pagination_font_size=\u00bb20px\u00bb pagination_line_height=\u00bb1.8em\u00bb background_color=\u00bbRGBA(255,255,255,0)\u00bb animation_style=\u00bbfade\u00bb header_font_size_tablet=\u00bb18px\u00bb header_font_size_phone=\u00bb16px\u00bb header_font_size_last_edited=\u00bbon|phone\u00bb body_font_size_tablet=\u00bb\u00bb body_font_size_phone=\u00bb14px\u00bb body_font_size_last_edited=\u00bbon|phone\u00bb pagination_font_size_tablet=\u00bb18px\u00bb pagination_font_size_phone=\u00bb14px\u00bb pagination_font_size_last_edited=\u00bbon|phone\u00bb border_width_all=\u00bb0px\u00bb border_radii_image=\u00bboff||15px||15px\u00bb locked=\u00bboff\u00bb global_colors_info=\u00bb{}\u00bb pagination_text_color__hover_enabled=\u00bbon|desktop\u00bb custom_css_main_element__hover_enabled=\u00bboff|desktop\u00bb][\/et_pb_blog][\/et_pb_column][\/et_pb_row][\/et_pb_section][et_pb_section fb_built=\u00bb1&#8243; custom_padding_last_edited=\u00bbon|phone\u00bb _builder_version=\u00bb4.20.4&#8243; _module_preset=\u00bbdefault\u00bb background_image=\u00bbhttp:\/\/impaktconsult.com\/wp-content\/uploads\/2023\/01\/impkt-bg-1.png\u00bb background_size=\u00bbcustom\u00bb background_image_width=\u00bb77%\u00bb background_position=\u00bbbottom_right\u00bb module_alignment=\u00bbcenter\u00bb custom_margin=\u00bb|||40px|false|false\u00bb custom_margin_tablet=\u00bb|||40px|false|false\u00bb custom_margin_phone=\u00bb|||0px|false|false\u00bb custom_margin_last_edited=\u00bbon|phone\u00bb custom_padding=\u00bb28px|70px|28px|70px|true|true\u00bb custom_padding_tablet=\u00bb28px|70px|28px|70px|true|true\u00bb custom_padding_phone=\u00bb28px|5px|28px|5px|true|true\u00bb saved_tabs=\u00bball\u00bb global_colors_info=\u00bb{}\u00bb][et_pb_row custom_padding_last_edited=\u00bbon|phone\u00bb _builder_version=\u00bb4.20.2&#8243; _module_preset=\u00bbdefault\u00bb width=\u00bb100%\u00bb max_width=\u00bb1300px\u00bb custom_margin=\u00bb2px|auto||auto|false|false\u00bb custom_padding_tablet=\u00bb\u00bb custom_padding_phone=\u00bb|30px||30px|false|true\u00bb global_colors_info=\u00bb{}\u00bb][et_pb_column type=\u00bb4_4&#8243; _builder_version=\u00bb4.19.5&#8243; _module_preset=\u00bbdefault\u00bb global_colors_info=\u00bb{}\u00bb][et_pb_text content_tablet=\u00bb\u00bb content_phone=\u00bb<\/p>\n<p><img class=%22wp-image-223097  alignleft%22 src=%22http:\/\/impaktconsult.com\/wp-content\/uploads\/2023\/01\/impakt-icon2.png%22 alt=%22%22 width=%2230%22 height=%2233%22 \/><\/p>\n<h1>Vamos conversar<\/h1>\n<p>\u00bb content_last_edited=\u00bbon|phone\u00bb _builder_version=\u00bb4.20.4&#8243; _module_preset=\u00bbdefault\u00bb header_font=\u00bb|700|||||||\u00bb header_font_size=\u00bb42px\u00bb header_font_size_tablet=\u00bb\u00bb header_font_size_phone=\u00bb26px\u00bb header_font_size_last_edited=\u00bbon|phone\u00bb global_colors_info=\u00bb{}\u00bb]<\/p>\n<p><img loading=\"lazy\" decoding=\"async\" class=\"wp-image-223097  alignleft\" src=\"http:\/\/impaktconsult.com\/wp-content\/uploads\/2023\/01\/impakt-icon2.png\" alt=\"\" width=\"42\" height=\"46\" \/><\/p>\n<h1>Vamos a hablar<\/h1>\n<p>[\/et_pb_text][\/et_pb_column][\/et_pb_row][et_pb_row column_structure=\u00bb1_2,1_2&#8243; use_custom_gutter=\u00bbon\u00bb gutter_width=\u00bb3&#8243; custom_padding_last_edited=\u00bbon|phone\u00bb _builder_version=\u00bb4.20.4&#8243; width_tablet=\u00bb\u00bb width_phone=\u00bb100%\u00bb width_last_edited=\u00bbon|phone\u00bb module_alignment=\u00bbcenter\u00bb custom_padding_tablet=\u00bb\u00bb custom_padding_phone=\u00bb||||false|false\u00bb module_alignment_tablet=\u00bb\u00bb module_alignment_phone=\u00bbcenter\u00bb module_alignment_last_edited=\u00bbon|phone\u00bb global_colors_info=\u00bb{}\u00bb][et_pb_column type=\u00bb1_2&#8243; _builder_version=\u00bb4.20.4&#8243; background_position=\u00bbtop_left\u00bb custom_padding=\u00bb|||40px|false|false\u00bb custom_padding_tablet=\u00bb\u00bb custom_padding_phone=\u00bb\u00bb custom_padding_last_edited=\u00bbon|phone\u00bb border_width_left=\u00bb6px\u00bb border_color_left=\u00bb#700A97&#8243; global_colors_info=\u00bb{}\u00bb custom_padding__hover=\u00bb|||\u00bb custom_css_main_element_last_edited=\u00bbon|phone\u00bb][et_pb_blurb title=\u00bb+55 11 9.8181.3113&#8243; use_icon=\u00bbon\u00bb font_icon=\u00bb&#xe090;||divi||400&#8243; icon_placement=\u00bbleft\u00bb image_icon_width=\u00bb20px\u00bb admin_label=\u00bbBlurb &#8211; Office\u00bb module_class=\u00bbcontact-blurb\u00bb _builder_version=\u00bb4.19.5&#8243; header_text_color=\u00bb#700A97&#8243; max_width_tablet=\u00bb50px\u00bb global_colors_info=\u00bb{}\u00bb][\/et_pb_blurb][et_pb_blurb title=\u00bbola@impaktconsult.com \u00bb url=\u00bbmailto:ola@impaktconsult.com\u00bb use_icon=\u00bbon\u00bb font_icon=\u00bb&#xf0e0;||fa||900&#8243; icon_placement=\u00bbleft\u00bb image_icon_width=\u00bb20px\u00bb admin_label=\u00bbBlurb &#8211; Address\u00bb module_class=\u00bbcontact-blurb\u00bb _builder_version=\u00bb4.20.4&#8243; header_font=\u00bb||||on||||\u00bb header_text_color=\u00bb#700A97&#8243; max_width_tablet=\u00bb50px\u00bb global_colors_info=\u00bb{}\u00bb][\/et_pb_blurb][et_pb_blurb use_icon=\u00bbon\u00bb font_icon=\u00bb&#xe081;||divi||400&#8243; icon_placement=\u00bbleft\u00bb image_icon_width=\u00bb20px\u00bb admin_label=\u00bbBlurb &#8211; Address\u00bb module_class=\u00bbcontact-blurb\u00bb _builder_version=\u00bb4.19.5&#8243; header_text_color=\u00bb#700A97&#8243; body_font=\u00bbRubik||||||||\u00bb body_text_color=\u00bb#700A97&#8243; body_font_size=\u00bb18px\u00bb max_width_tablet=\u00bb50px\u00bb global_colors_info=\u00bb{}\u00bb]<\/p>\n<p>Av. Brigadeiro Faria Lima,<br \/>1.461 \u2013 Torre Sul<br \/>4\u00ba andar \u2013 Cj. 41<br \/>Pinheiros \u2013 CEP 01452-002<br \/>S\u00e3o Paulo &#8211; SP &#8211; Brasil<\/p>\n<p>[\/et_pb_blurb][\/et_pb_column][et_pb_column type=\u00bb1_2&#8243; _builder_version=\u00bb4.20.4&#8243; background_position=\u00bbtop_left\u00bb custom_padding=\u00bb|||\u00bb border_radii=\u00bbon|8px|8px|8px|8px\u00bb border_width_all=\u00bb13px\u00bb border_color_all=\u00bbrgba(84,8,113,0.08)\u00bb global_colors_info=\u00bb{}\u00bb custom_padding__hover=\u00bb|||\u00bb][wpforms_selector form_id=\u00bb222869&#8243; show_title=\u00bbon\u00bb _builder_version=\u00bb4.20.4&#8243; _module_preset=\u00bbdefault\u00bb custom_padding=\u00bb20px|35px|20px|35px|true|true\u00bb custom_padding_tablet=\u00bb\u00bb custom_padding_phone=\u00bb5px|25px|5px|25px|true|true\u00bb custom_padding_last_edited=\u00bbon|phone\u00bb global_colors_info=\u00bb{}\u00bb][\/wpforms_selector][\/et_pb_column][\/et_pb_row][\/et_pb_section]<\/p>\n","protected":false},"excerpt":{"rendered":"<p>Blog Vamos a hablarAv. Brigadeiro Faria Lima,1.461 \u2013 Torre Sul4\u00ba andar \u2013 Cj. 41Pinheiros \u2013 CEP 01452-002S\u00e3o Paulo &#8211; SP &#8211; Brasil<\/p>\n","protected":false},"author":1,"featured_media":0,"parent":0,"menu_order":0,"comment_status":"closed","ping_status":"closed","template":"","meta":{"_et_pb_use_builder":"on","_et_pb_old_content":"","_et_gb_content_width":"","_monsterinsights_skip_tracking":false,"_monsterinsights_sitenote_active":false,"_monsterinsights_sitenote_note":"","_monsterinsights_sitenote_category":0,"footnotes":""},"ppma_author":[69],"class_list":["post-224666","page","type-page","status-publish","hentry"],"yoast_head":"<!-- This site is optimized with the Yoast SEO Premium plugin v22.4 (Yoast SEO v27.0) - https:\/\/yoast.com\/product\/yoast-seo-premium-wordpress\/ -->\n<title>Impakt - Blog<\/title>\n<meta name=\"robots\" content=\"index, follow, max-snippet:-1, max-image-preview:large, max-video-preview:-1\" \/>\n<link rel=\"canonical\" href=\"https:\/\/impaktconsult.com\/leia-artigos-impakt\/\" \/>\n<meta property=\"og:locale\" content=\"es_ES\" \/>\n<meta property=\"og:type\" content=\"article\" \/>\n<meta property=\"og:title\" content=\"Blog\" \/>\n<meta property=\"og:description\" content=\"Blog Vamos a hablarAv. Brigadeiro Faria Lima,1.461 \u2013 Torre Sul4\u00ba andar \u2013 Cj. 41Pinheiros \u2013 CEP 01452-002S\u00e3o Paulo - SP - Brasil\" \/>\n<meta property=\"og:url\" content=\"https:\/\/impaktconsult.com\/leia-artigos-impakt\/\" \/>\n<meta property=\"og:site_name\" content=\"Impakt\" \/>\n<meta property=\"article:publisher\" content=\"http:\/\/www.facebook.com\/impaktconsult\" \/>\n<meta property=\"article:modified_time\" content=\"2023-05-12T19:01:14+00:00\" \/>\n<meta property=\"og:image\" content=\"http:\/\/impaktconsult.com\/wp-content\/uploads\/2023\/01\/impakt-icon2.png\" \/>\n<meta name=\"twitter:card\" content=\"summary_large_image\" \/>\n<meta name=\"twitter:site\" content=\"@ImpaktConsult\" \/>\n<meta name=\"twitter:label1\" content=\"Tiempo de lectura\" \/>\n\t<meta name=\"twitter:data1\" content=\"2 minutos\" \/>\n<script type=\"application\/ld+json\" class=\"yoast-schema-graph\">{\"@context\":\"https:\/\/schema.org\",\"@graph\":[{\"@type\":\"WebPage\",\"@id\":\"https:\/\/impaktconsult.com\/leia-artigos-impakt\/\",\"url\":\"https:\/\/impaktconsult.com\/leia-artigos-impakt\/\",\"name\":\"Impakt - Blog\",\"isPartOf\":{\"@id\":\"https:\/\/impaktconsult.com\/#website\"},\"primaryImageOfPage\":{\"@id\":\"https:\/\/impaktconsult.com\/leia-artigos-impakt\/#primaryimage\"},\"image\":{\"@id\":\"https:\/\/impaktconsult.com\/leia-artigos-impakt\/#primaryimage\"},\"thumbnailUrl\":\"http:\/\/impaktconsult.com\/wp-content\/uploads\/2023\/01\/impakt-icon2.png\",\"datePublished\":\"2017-09-18T17:31:40+00:00\",\"dateModified\":\"2023-05-12T19:01:14+00:00\",\"breadcrumb\":{\"@id\":\"https:\/\/impaktconsult.com\/leia-artigos-impakt\/#breadcrumb\"},\"inLanguage\":\"es\",\"potentialAction\":[{\"@type\":\"ReadAction\",\"target\":[\"https:\/\/impaktconsult.com\/leia-artigos-impakt\/\"]}]},{\"@type\":\"ImageObject\",\"inLanguage\":\"es\",\"@id\":\"https:\/\/impaktconsult.com\/leia-artigos-impakt\/#primaryimage\",\"url\":\"http:\/\/impaktconsult.com\/wp-content\/uploads\/2023\/01\/impakt-icon2.png\",\"contentUrl\":\"http:\/\/impaktconsult.com\/wp-content\/uploads\/2023\/01\/impakt-icon2.png\"},{\"@type\":\"BreadcrumbList\",\"@id\":\"https:\/\/impaktconsult.com\/leia-artigos-impakt\/#breadcrumb\",\"itemListElement\":[{\"@type\":\"ListItem\",\"position\":1,\"name\":\"In\u00edcio\",\"item\":\"https:\/\/impaktconsult.com\/es\/\"},{\"@type\":\"ListItem\",\"position\":2,\"name\":\"Blog\"}]},{\"@type\":\"WebSite\",\"@id\":\"https:\/\/impaktconsult.com\/#website\",\"url\":\"https:\/\/impaktconsult.com\/\",\"name\":\"Impakt\",\"description\":\"Conhecimento Intelig\u00eancia Inova\u00e7\u00e3o\",\"publisher\":{\"@id\":\"https:\/\/impaktconsult.com\/#organization\"},\"potentialAction\":[{\"@type\":\"SearchAction\",\"target\":{\"@type\":\"EntryPoint\",\"urlTemplate\":\"https:\/\/impaktconsult.com\/?s={search_term_string}\"},\"query-input\":{\"@type\":\"PropertyValueSpecification\",\"valueRequired\":true,\"valueName\":\"search_term_string\"}}],\"inLanguage\":\"es\"},{\"@type\":\"Organization\",\"@id\":\"https:\/\/impaktconsult.com\/#organization\",\"name\":\"Impakt Consultoria\",\"url\":\"https:\/\/impaktconsult.com\/\",\"logo\":{\"@type\":\"ImageObject\",\"inLanguage\":\"es\",\"@id\":\"https:\/\/impaktconsult.com\/#\/schema\/logo\/image\/\",\"url\":\"https:\/\/impaktconsult.com\/wp-content\/uploads\/2023\/01\/impakt-logo.png\",\"contentUrl\":\"https:\/\/impaktconsult.com\/wp-content\/uploads\/2023\/01\/impakt-logo.png\",\"width\":654,\"height\":204,\"caption\":\"Impakt Consultoria\"},\"image\":{\"@id\":\"https:\/\/impaktconsult.com\/#\/schema\/logo\/image\/\"},\"sameAs\":[\"http:\/\/www.facebook.com\/impaktconsult\",\"https:\/\/x.com\/ImpaktConsult\",\"http:\/\/www.linkedin.com\/company\/impakt-consulting\",\"http:\/\/instagram.com\/impaktconsult\"]}]}<\/script>\n<!-- \/ Yoast SEO Premium plugin. -->","yoast_head_json":{"title":"Impakt - Blog","robots":{"index":"index","follow":"follow","max-snippet":"max-snippet:-1","max-image-preview":"max-image-preview:large","max-video-preview":"max-video-preview:-1"},"canonical":"https:\/\/impaktconsult.com\/leia-artigos-impakt\/","og_locale":"es_ES","og_type":"article","og_title":"Blog","og_description":"Blog Vamos a hablarAv. Brigadeiro Faria Lima,1.461 \u2013 Torre Sul4\u00ba andar \u2013 Cj. 41Pinheiros \u2013 CEP 01452-002S\u00e3o Paulo - SP - Brasil","og_url":"https:\/\/impaktconsult.com\/leia-artigos-impakt\/","og_site_name":"Impakt","article_publisher":"http:\/\/www.facebook.com\/impaktconsult","article_modified_time":"2023-05-12T19:01:14+00:00","og_image":[{"url":"http:\/\/impaktconsult.com\/wp-content\/uploads\/2023\/01\/impakt-icon2.png","type":"","width":"","height":""}],"twitter_card":"summary_large_image","twitter_site":"@ImpaktConsult","twitter_misc":{"Tiempo de lectura":"2 minutos"},"schema":{"@context":"https:\/\/schema.org","@graph":[{"@type":"WebPage","@id":"https:\/\/impaktconsult.com\/leia-artigos-impakt\/","url":"https:\/\/impaktconsult.com\/leia-artigos-impakt\/","name":"Impakt - Blog","isPartOf":{"@id":"https:\/\/impaktconsult.com\/#website"},"primaryImageOfPage":{"@id":"https:\/\/impaktconsult.com\/leia-artigos-impakt\/#primaryimage"},"image":{"@id":"https:\/\/impaktconsult.com\/leia-artigos-impakt\/#primaryimage"},"thumbnailUrl":"http:\/\/impaktconsult.com\/wp-content\/uploads\/2023\/01\/impakt-icon2.png","datePublished":"2017-09-18T17:31:40+00:00","dateModified":"2023-05-12T19:01:14+00:00","breadcrumb":{"@id":"https:\/\/impaktconsult.com\/leia-artigos-impakt\/#breadcrumb"},"inLanguage":"es","potentialAction":[{"@type":"ReadAction","target":["https:\/\/impaktconsult.com\/leia-artigos-impakt\/"]}]},{"@type":"ImageObject","inLanguage":"es","@id":"https:\/\/impaktconsult.com\/leia-artigos-impakt\/#primaryimage","url":"http:\/\/impaktconsult.com\/wp-content\/uploads\/2023\/01\/impakt-icon2.png","contentUrl":"http:\/\/impaktconsult.com\/wp-content\/uploads\/2023\/01\/impakt-icon2.png"},{"@type":"BreadcrumbList","@id":"https:\/\/impaktconsult.com\/leia-artigos-impakt\/#breadcrumb","itemListElement":[{"@type":"ListItem","position":1,"name":"In\u00edcio","item":"https:\/\/impaktconsult.com\/es\/"},{"@type":"ListItem","position":2,"name":"Blog"}]},{"@type":"WebSite","@id":"https:\/\/impaktconsult.com\/#website","url":"https:\/\/impaktconsult.com\/","name":"Impakt","description":"Conhecimento Intelig\u00eancia Inova\u00e7\u00e3o","publisher":{"@id":"https:\/\/impaktconsult.com\/#organization"},"potentialAction":[{"@type":"SearchAction","target":{"@type":"EntryPoint","urlTemplate":"https:\/\/impaktconsult.com\/?s={search_term_string}"},"query-input":{"@type":"PropertyValueSpecification","valueRequired":true,"valueName":"search_term_string"}}],"inLanguage":"es"},{"@type":"Organization","@id":"https:\/\/impaktconsult.com\/#organization","name":"Impakt Consultoria","url":"https:\/\/impaktconsult.com\/","logo":{"@type":"ImageObject","inLanguage":"es","@id":"https:\/\/impaktconsult.com\/#\/schema\/logo\/image\/","url":"https:\/\/impaktconsult.com\/wp-content\/uploads\/2023\/01\/impakt-logo.png","contentUrl":"https:\/\/impaktconsult.com\/wp-content\/uploads\/2023\/01\/impakt-logo.png","width":654,"height":204,"caption":"Impakt Consultoria"},"image":{"@id":"https:\/\/impaktconsult.com\/#\/schema\/logo\/image\/"},"sameAs":["http:\/\/www.facebook.com\/impaktconsult","https:\/\/x.com\/ImpaktConsult","http:\/\/www.linkedin.com\/company\/impakt-consulting","http:\/\/instagram.com\/impaktconsult"]}]}},"_links":{"self":[{"href":"https:\/\/impaktconsult.com\/es\/wp-json\/wp\/v2\/pages\/224666","targetHints":{"allow":["GET"]}}],"collection":[{"href":"https:\/\/impaktconsult.com\/es\/wp-json\/wp\/v2\/pages"}],"about":[{"href":"https:\/\/impaktconsult.com\/es\/wp-json\/wp\/v2\/types\/page"}],"author":[{"embeddable":true,"href":"https:\/\/impaktconsult.com\/es\/wp-json\/wp\/v2\/users\/1"}],"replies":[{"embeddable":true,"href":"https:\/\/impaktconsult.com\/es\/wp-json\/wp\/v2\/comments?post=224666"}],"version-history":[{"count":2,"href":"https:\/\/impaktconsult.com\/es\/wp-json\/wp\/v2\/pages\/224666\/revisions"}],"predecessor-version":[{"id":224674,"href":"https:\/\/impaktconsult.com\/es\/wp-json\/wp\/v2\/pages\/224666\/revisions\/224674"}],"wp:attachment":[{"href":"https:\/\/impaktconsult.com\/es\/wp-json\/wp\/v2\/media?parent=224666"}],"wp:term":[{"taxonomy":"author","embeddable":true,"href":"https:\/\/impaktconsult.com\/es\/wp-json\/wp\/v2\/ppma_author?post=224666"}],"curies":[{"name":"wp","href":"https:\/\/api.w.org\/{rel}","templated":true}]}}