{"id":225204,"date":"2023-08-17T12:29:47","date_gmt":"2023-08-17T15:29:47","guid":{"rendered":"http:\/\/impaktconsult.com\/?page_id=225204"},"modified":"2023-08-21T14:51:19","modified_gmt":"2023-08-21T17:51:19","slug":"gracias","status":"publish","type":"page","link":"https:\/\/impaktconsult.com\/es\/gracias\/","title":{"rendered":"Gracias!"},"content":{"rendered":"<p>[et_pb_section fb_built=\u00bb1&#8243; custom_padding_last_edited=\u00bbon|phone\u00bb _builder_version=\u00bb4.21.0&#8243; _module_preset=\u00bbdefault\u00bb background_image=\u00bbhttp:\/\/impaktconsult.com\/wp-content\/uploads\/2023\/08\/grafismo-header.png\u00bb background_size=\u00bbcustom\u00bb background_image_width=\u00bb23%\u00bb background_position=\u00bbcenter_right\u00bb background_horizontal_offset=\u00bb4%\u00bb custom_padding=\u00bb135px|70px|135px|70px|true|true\u00bb custom_padding_tablet=\u00bb|70px||70px|false|true\u00bb custom_padding_phone=\u00bb|30px||30px|false|true\u00bb global_colors_info=\u00bb{}\u00bb][et_pb_row column_structure=\u00bb3_5,2_5&#8243; _builder_version=\u00bb4.19.5&#8243; _module_preset=\u00bbdefault\u00bb width=\u00bb100%\u00bb max_width=\u00bb1300px\u00bb custom_margin=\u00bb2px|auto||auto|false|false\u00bb global_colors_info=\u00bb{}\u00bb][et_pb_column type=\u00bb3_5&#8243; _builder_version=\u00bb4.19.5&#8243; _module_preset=\u00bbdefault\u00bb global_colors_info=\u00bb{}\u00bb][et_pb_text _builder_version=\u00bb4.21.0&#8243; _module_preset=\u00bbdefault\u00bb header_font=\u00bb|700|||||||\u00bb header_font_size=\u00bb64px\u00bb global_colors_info=\u00bb{}\u00bb]<\/p>\n<h1>Gracias!<\/h1>\n<p>[\/et_pb_text][et_pb_text _builder_version=\u00bb4.22.0&#8243; _module_preset=\u00bbdefault\u00bb header_2_font=\u00bbSource Sans Pro||||||||\u00bb header_2_text_color=\u00bb#a000c6&#8243; header_2_font_size=\u00bb32px\u00bb header_2_line_height=\u00bb1.3em\u00bb global_colors_info=\u00bb{}\u00bb]<\/p>\n<h2>Haremos contacto pronto.<\/h2>\n<p>[\/et_pb_text][et_pb_button button_url=\u00bb@ET-DC@eyJkeW5hbWljIjp0cnVlLCJjb250ZW50IjoiaG9tZV91cmwiLCJzZXR0aW5ncyI6e319@\u00bb button_text=\u00bbVolver a la p\u00e1gina de inicio\u00bb _builder_version=\u00bb4.22.1&#8243; _dynamic_attributes=\u00bbbutton_url\u00bb _module_preset=\u00bbdefault\u00bb custom_button=\u00bbon\u00bb button_text_color=\u00bb#ffffff\u00bb button_bg_color=\u00bb#700A97&#8243; button_border_width=\u00bb2px\u00bb button_border_color=\u00bbRGBA(255,255,255,0)\u00bb button_border_radius=\u00bb10px\u00bb custom_padding=\u00bb|40px||40px|false|true\u00bb hover_enabled=\u00bb0&#8243; global_colors_info=\u00bb{}\u00bb button_border_color__hover_enabled=\u00bbon|hover\u00bb button_border_color__hover=\u00bbRGBA(255,255,255,0)\u00bb sticky_enabled=\u00bb0&#8243;][\/et_pb_button][\/et_pb_column][et_pb_column type=\u00bb2_5&#8243; _builder_version=\u00bb4.19.5&#8243; _module_preset=\u00bbdefault\u00bb global_colors_info=\u00bb{}\u00bb][\/et_pb_column][\/et_pb_row][\/et_pb_section]<\/p>\n","protected":false},"excerpt":{"rendered":"<p>Ajudamos organiza\u00e7\u00f5es a mobilizar conhecimentos e ideias para gera\u00e7\u00e3o de resultados, evolu\u00e7\u00e3o e impacto.<\/p>\n","protected":false},"author":1,"featured_media":0,"parent":0,"menu_order":0,"comment_status":"closed","ping_status":"closed","template":"","meta":{"_et_pb_use_builder":"on","_et_pb_old_content":"","_et_gb_content_width":"","_monsterinsights_skip_tracking":false,"_monsterinsights_sitenote_active":false,"_monsterinsights_sitenote_note":"","_monsterinsights_sitenote_category":0,"footnotes":""},"ppma_author":[69],"class_list":["post-225204","page","type-page","status-publish","hentry"],"yoast_head":"<!-- This site is optimized with the Yoast SEO Premium plugin v22.4 (Yoast SEO v27.5) - https:\/\/yoast.com\/product\/yoast-seo-premium-wordpress\/ -->\n<title>Gracias! - Impakt<\/title>\n<meta name=\"robots\" content=\"index, follow, max-snippet:-1, max-image-preview:large, max-video-preview:-1\" \/>\n<link rel=\"canonical\" href=\"https:\/\/impaktconsult.com\/agradecimento\/\" \/>\n<meta property=\"og:locale\" content=\"es_ES\" \/>\n<meta property=\"og:type\" content=\"article\" \/>\n<meta property=\"og:title\" content=\"Gracias!\" \/>\n<meta property=\"og:description\" content=\"Ajudamos organiza\u00e7\u00f5es a mobilizar conhecimentos e ideias para gera\u00e7\u00e3o de resultados, evolu\u00e7\u00e3o e impacto.\" \/>\n<meta property=\"og:url\" content=\"https:\/\/impaktconsult.com\/agradecimento\/\" \/>\n<meta property=\"og:site_name\" content=\"Impakt\" \/>\n<meta property=\"article:publisher\" content=\"http:\/\/www.facebook.com\/impaktconsult\" \/>\n<meta property=\"article:modified_time\" content=\"2023-08-21T17:51:19+00:00\" \/>\n<meta name=\"twitter:card\" content=\"summary_large_image\" \/>\n<meta name=\"twitter:site\" content=\"@ImpaktConsult\" \/>\n<meta name=\"twitter:label1\" content=\"Tiempo de lectura\" \/>\n\t<meta name=\"twitter:data1\" content=\"1 minuto\" \/>\n<script type=\"application\/ld+json\" class=\"yoast-schema-graph\">{\"@context\":\"https:\\\/\\\/schema.org\",\"@graph\":[{\"@type\":\"WebPage\",\"@id\":\"https:\\\/\\\/impaktconsult.com\\\/agradecimento\\\/\",\"url\":\"https:\\\/\\\/impaktconsult.com\\\/agradecimento\\\/\",\"name\":\"Gracias! - Impakt\",\"isPartOf\":{\"@id\":\"https:\\\/\\\/impaktconsult.com\\\/#website\"},\"datePublished\":\"2023-08-17T15:29:47+00:00\",\"dateModified\":\"2023-08-21T17:51:19+00:00\",\"breadcrumb\":{\"@id\":\"https:\\\/\\\/impaktconsult.com\\\/agradecimento\\\/#breadcrumb\"},\"inLanguage\":\"es\",\"potentialAction\":[{\"@type\":\"ReadAction\",\"target\":[\"https:\\\/\\\/impaktconsult.com\\\/agradecimento\\\/\"]}]},{\"@type\":\"BreadcrumbList\",\"@id\":\"https:\\\/\\\/impaktconsult.com\\\/agradecimento\\\/#breadcrumb\",\"itemListElement\":[{\"@type\":\"ListItem\",\"position\":1,\"name\":\"In\u00edcio\",\"item\":\"https:\\\/\\\/impaktconsult.com\\\/es\\\/\"},{\"@type\":\"ListItem\",\"position\":2,\"name\":\"Gracias!\"}]},{\"@type\":\"WebSite\",\"@id\":\"https:\\\/\\\/impaktconsult.com\\\/#website\",\"url\":\"https:\\\/\\\/impaktconsult.com\\\/\",\"name\":\"Impakt\",\"description\":\"Conhecimento Intelig\u00eancia Inova\u00e7\u00e3o\",\"publisher\":{\"@id\":\"https:\\\/\\\/impaktconsult.com\\\/#organization\"},\"potentialAction\":[{\"@type\":\"SearchAction\",\"target\":{\"@type\":\"EntryPoint\",\"urlTemplate\":\"https:\\\/\\\/impaktconsult.com\\\/?s={search_term_string}\"},\"query-input\":{\"@type\":\"PropertyValueSpecification\",\"valueRequired\":true,\"valueName\":\"search_term_string\"}}],\"inLanguage\":\"es\"},{\"@type\":\"Organization\",\"@id\":\"https:\\\/\\\/impaktconsult.com\\\/#organization\",\"name\":\"Impakt Consultoria\",\"url\":\"https:\\\/\\\/impaktconsult.com\\\/\",\"logo\":{\"@type\":\"ImageObject\",\"inLanguage\":\"es\",\"@id\":\"https:\\\/\\\/impaktconsult.com\\\/#\\\/schema\\\/logo\\\/image\\\/\",\"url\":\"https:\\\/\\\/impaktconsult.com\\\/wp-content\\\/uploads\\\/2023\\\/01\\\/impakt-logo.png\",\"contentUrl\":\"https:\\\/\\\/impaktconsult.com\\\/wp-content\\\/uploads\\\/2023\\\/01\\\/impakt-logo.png\",\"width\":654,\"height\":204,\"caption\":\"Impakt Consultoria\"},\"image\":{\"@id\":\"https:\\\/\\\/impaktconsult.com\\\/#\\\/schema\\\/logo\\\/image\\\/\"},\"sameAs\":[\"http:\\\/\\\/www.facebook.com\\\/impaktconsult\",\"https:\\\/\\\/x.com\\\/ImpaktConsult\",\"http:\\\/\\\/www.linkedin.com\\\/company\\\/impakt-consulting\",\"http:\\\/\\\/instagram.com\\\/impaktconsult\"]}]}<\/script>\n<!-- \/ Yoast SEO Premium plugin. -->","yoast_head_json":{"title":"Gracias! - Impakt","robots":{"index":"index","follow":"follow","max-snippet":"max-snippet:-1","max-image-preview":"max-image-preview:large","max-video-preview":"max-video-preview:-1"},"canonical":"https:\/\/impaktconsult.com\/agradecimento\/","og_locale":"es_ES","og_type":"article","og_title":"Gracias!","og_description":"Ajudamos organiza\u00e7\u00f5es a mobilizar conhecimentos e ideias para gera\u00e7\u00e3o de resultados, evolu\u00e7\u00e3o e impacto.","og_url":"https:\/\/impaktconsult.com\/agradecimento\/","og_site_name":"Impakt","article_publisher":"http:\/\/www.facebook.com\/impaktconsult","article_modified_time":"2023-08-21T17:51:19+00:00","twitter_card":"summary_large_image","twitter_site":"@ImpaktConsult","twitter_misc":{"Tiempo de lectura":"1 minuto"},"schema":{"@context":"https:\/\/schema.org","@graph":[{"@type":"WebPage","@id":"https:\/\/impaktconsult.com\/agradecimento\/","url":"https:\/\/impaktconsult.com\/agradecimento\/","name":"Gracias! - Impakt","isPartOf":{"@id":"https:\/\/impaktconsult.com\/#website"},"datePublished":"2023-08-17T15:29:47+00:00","dateModified":"2023-08-21T17:51:19+00:00","breadcrumb":{"@id":"https:\/\/impaktconsult.com\/agradecimento\/#breadcrumb"},"inLanguage":"es","potentialAction":[{"@type":"ReadAction","target":["https:\/\/impaktconsult.com\/agradecimento\/"]}]},{"@type":"BreadcrumbList","@id":"https:\/\/impaktconsult.com\/agradecimento\/#breadcrumb","itemListElement":[{"@type":"ListItem","position":1,"name":"In\u00edcio","item":"https:\/\/impaktconsult.com\/es\/"},{"@type":"ListItem","position":2,"name":"Gracias!"}]},{"@type":"WebSite","@id":"https:\/\/impaktconsult.com\/#website","url":"https:\/\/impaktconsult.com\/","name":"Impakt","description":"Conhecimento Intelig\u00eancia Inova\u00e7\u00e3o","publisher":{"@id":"https:\/\/impaktconsult.com\/#organization"},"potentialAction":[{"@type":"SearchAction","target":{"@type":"EntryPoint","urlTemplate":"https:\/\/impaktconsult.com\/?s={search_term_string}"},"query-input":{"@type":"PropertyValueSpecification","valueRequired":true,"valueName":"search_term_string"}}],"inLanguage":"es"},{"@type":"Organization","@id":"https:\/\/impaktconsult.com\/#organization","name":"Impakt Consultoria","url":"https:\/\/impaktconsult.com\/","logo":{"@type":"ImageObject","inLanguage":"es","@id":"https:\/\/impaktconsult.com\/#\/schema\/logo\/image\/","url":"https:\/\/impaktconsult.com\/wp-content\/uploads\/2023\/01\/impakt-logo.png","contentUrl":"https:\/\/impaktconsult.com\/wp-content\/uploads\/2023\/01\/impakt-logo.png","width":654,"height":204,"caption":"Impakt Consultoria"},"image":{"@id":"https:\/\/impaktconsult.com\/#\/schema\/logo\/image\/"},"sameAs":["http:\/\/www.facebook.com\/impaktconsult","https:\/\/x.com\/ImpaktConsult","http:\/\/www.linkedin.com\/company\/impakt-consulting","http:\/\/instagram.com\/impaktconsult"]}]}},"_links":{"self":[{"href":"https:\/\/impaktconsult.com\/es\/wp-json\/wp\/v2\/pages\/225204","targetHints":{"allow":["GET"]}}],"collection":[{"href":"https:\/\/impaktconsult.com\/es\/wp-json\/wp\/v2\/pages"}],"about":[{"href":"https:\/\/impaktconsult.com\/es\/wp-json\/wp\/v2\/types\/page"}],"author":[{"embeddable":true,"href":"https:\/\/impaktconsult.com\/es\/wp-json\/wp\/v2\/users\/1"}],"replies":[{"embeddable":true,"href":"https:\/\/impaktconsult.com\/es\/wp-json\/wp\/v2\/comments?post=225204"}],"version-history":[{"count":7,"href":"https:\/\/impaktconsult.com\/es\/wp-json\/wp\/v2\/pages\/225204\/revisions"}],"predecessor-version":[{"id":225214,"href":"https:\/\/impaktconsult.com\/es\/wp-json\/wp\/v2\/pages\/225204\/revisions\/225214"}],"wp:attachment":[{"href":"https:\/\/impaktconsult.com\/es\/wp-json\/wp\/v2\/media?parent=225204"}],"wp:term":[{"taxonomy":"author","embeddable":true,"href":"https:\/\/impaktconsult.com\/es\/wp-json\/wp\/v2\/ppma_author?post=225204"}],"curies":[{"name":"wp","href":"https:\/\/api.w.org\/{rel}","templated":true}]}}